{"id":380,"date":"2015-10-21T20:23:42","date_gmt":"2015-10-21T20:23:42","guid":{"rendered":"http:\/\/huntingaperture.de\/?page_id=380"},"modified":"2018-11-10T18:58:07","modified_gmt":"2018-11-10T18:58:07","slug":"impressum","status":"publish","type":"page","link":"https:\/\/huntingaperture.de\/?page_id=380","title":{"rendered":"Impressum"},"content":{"rendered":"<div id=\"nav_layer\">\n<div class=\"bumper\"><img decoding=\"async\" src=\"http:\/\/botanica-quickborn.de\/Impressum_files\/shapeimage_2.png\" alt=\"\" \/><\/div>\n<\/div>\n<div id=\"body_layer\">\n<div id=\"id3\" class=\"style_SkipStroke_2 shape-with-text\"><\/div>\n<div id=\"id4\" class=\"style_SkipStroke_2 shape-with-text\">\n<div class=\"text-content graphic_textbox_layout_style_default_External_308_210\">\n<div class=\"graphic_textbox_layout_style_default\">\n<h1 class=\"paragraph_style_1\">HUNTINGAPERTURE<\/h1>\n<p class=\"paragraph_style_1\">Stefan Werdich<\/p>\n<p class=\"paragraph_style_2\">PHOTOGRAPHY<\/p>\n<p class=\"paragraph_style_2\">Email foto-sw(at)web.de<\/p>\n<\/div>\n<\/div>\n<\/div>\n<div id=\"id5\" class=\"style_SkipStroke_2 shape-with-text\"><\/div>\n<div id=\"id6\" class=\"style_SkipStroke_2 shape-with-text\">\n<div class=\"text-content graphic_textbox_layout_style_default_External_700_567\">\n<div class=\"graphic_textbox_layout_style_default\">\n<p class=\"paragraph_style_3\">Haftungsausschluss (Disclaimer)<\/p>\n<p class=\"paragraph_style_4\">Quelle: eRecht24.de &#8211; Internetrecht von Rechtsanwalt S\u00f6ren Siebert<\/p>\n<p class=\"paragraph_style_5\">Haftung f\u00fcr Inhalte<span class=\"style_1\"><br \/>\n<\/span><\/p>\n<p class=\"paragraph_style_4\">Die Inhalte unserer Seiten wurden mit gr\u00f6\u00dfter Sorgfalt erstellt. F\u00fcr die Richtigkeit, Vollst\u00e4ndigkeit und Aktualit\u00e4t der Inhalte k\u00f6nnen wir jedoch keine Gew\u00e4hr \u00fcbernehmen.<\/p>\n<p class=\"paragraph_style_4\">Als Diensteanbieter sind wir gem\u00e4\u00df \u00a7 7 Abs.1 TMG f\u00fcr eigene Inhalte auf diesen Seiten nach den allgemeinen Gesetzen verantwortlich. Nach \u00a7\u00a7 8 bis 10 TMG sind wir als Diensteanbieter jedoch nicht verpflichtet, \u00fcbermittelte oder gespeicherte fremde Informationen zu \u00fcberwachen oder nach Umst\u00e4nden zu forschen, die auf eine rechtswidrige T\u00e4tigkeit hinweisen. Verpflichtungen zur Entfernung oder Sperrung der Nutzung von Informationen nach den allgemeinen Gesetzen bleiben hiervon unber\u00fchrt. Eine diesbez\u00fcgliche Haftung ist jedoch erst ab dem Zeitpunkt der Kenntnis einer konkreten Rechtsverletzung m\u00f6glich. Bei bekannt werden von entsprechenden Rechtsverletzungen werden wir diese Inhalte umgehend entfernen.<\/p>\n<p class=\"paragraph_style_5\">Urheberrecht<span class=\"style_1\"><br \/>\n<\/span><\/p>\n<p class=\"paragraph_style_4\">Die durch die Seitenbetreiber erstellten Inhalte und Werke auf diesen Seiten unterliegen dem deutschen Urheberrecht. Die Vervielf\u00e4ltigung, Bearbeitung, Verbreitung und jede Art der Verwertung au\u00dferhalb der Grenzen des Urheberrechtes bed\u00fcrfen der schriftlichen Zustimmung des jeweiligen Autors bzw. Erstellers. Downloads und Kopien dieser Seite sind nur f\u00fcr den privaten, nicht kommerziellen Gebrauch gestattet. Soweit die Inhalte auf dieser Seite nicht vom Betreiber erstellt wurden, werden die Urheberrechte Dritter beachtet. Insbesondere werden Inhalte Dritter als solche gekennzeichnet. Sollten Sie trotzdem auf eine Urheberrechtsverletzung aufmerksam werden, bitten wir um einen entsprechenden Hinweis. Bei Bekanntwerden von Rechtsverletzungen werden wir derartige Inhalte umgehend entfernen.<\/p>\n<p class=\"paragraph_style_5\">Datenschutz<span class=\"style_1\"><br \/>\n<\/span><\/p>\n<p class=\"paragraph_style_4\">Die Nutzung unserer Webseite ist in der Regel ohne Angabe personenbezogener Daten m\u00f6glich. Soweit auf unseren Seiten personenbezogene Daten (beispielsweise Name, Anschrift oder eMail-Adressen) erhoben werden, erfolgt dies, soweit m\u00f6glich, stets auf freiwilliger Basis. Diese Daten werden ohne Ihre ausdr\u00fcckliche Zustimmung nicht an Dritte weitergegeben.<\/p>\n<p class=\"paragraph_style_4\">Wir weisen darauf hin, dass die Daten\u00fcbertragung im Internet (z.B. bei der Kommunikation per E-Mail) Sicherheitsl\u00fccken aufweisen kann. Ein l\u00fcckenloser Schutz der Daten vor dem Zugriff durch Dritte ist nicht m\u00f6glich.<\/p>\n<p class=\"paragraph_style_4\">Der Nutzung von im Rahmen der Impressumspflicht ver\u00f6ffentlichten Kontaktdaten durch Dritte zur \u00dcbersendung von nicht ausdr\u00fccklich angeforderter Werbung und Informationsmaterialien wird hiermit ausdr\u00fccklich widersprochen. Die Betreiber der Seiten behalten sich ausdr\u00fccklich rechtliche Schritte im Falle der unverlangten Zusendung von Werbeinformationen, etwa durch Spam-Mails, vor.<\/p>\n<\/div>\n<\/div>\n<\/div>\n<div id=\"id7\" class=\"style_SkipStroke_2 shape-with-text\"><\/div>\n<div class=\"spacer\"><\/div>\n<\/div>\n<div id=\"footer_layer\">\n<div class=\"bumper\"><\/div>\n<div class=\"tinyText style_SkipStroke_4 reflection_1\"><canvas width=\"102\" height=\"22.700000000000003\"><\/canvas><img decoding=\"async\" src=\"http:\/\/botanica-quickborn.de\/Impressum_files\/bogegruneu%20ohne%20untertext_1.jpg\" alt=\"\" \/><\/div>\n<div class=\"tinyText\"><img decoding=\"async\" id=\"shapeimage_3\" title=\"\" src=\"http:\/\/botanica-quickborn.de\/Impressum_files\/shapeimage_3.png\" alt=\"\" usemap=\"#map1\" \/><\/div>\n<\/div>\n","protected":false},"excerpt":{"rendered":"<p>HUNTINGAPERTURE Stefan Werdich PHOTOGRAPHY Email foto-sw(at)web.de Haftungsausschluss (Disclaimer) Quelle: eRecht24.de &#8211; Internetrecht von Rechtsanwalt S\u00f6ren Siebert Haftung f\u00fcr Inhalte Die Inhalte unserer Seiten wurden mit gr\u00f6\u00dfter Sorgfalt erstellt. F\u00fcr die Richtigkeit, Vollst\u00e4ndigkeit und Aktualit\u00e4t der Inhalte k\u00f6nnen wir jedoch keine Gew\u00e4hr \u00fcbernehmen. Als Diensteanbieter sind &hellip; <a href=\"https:\/\/huntingaperture.de\/?page_id=380\" class=\"more-link\"><span>Continue reading<span class=\"screen-reader-text\">Impressum<\/span><\/span><\/a><\/p>\n","protected":false},"author":1,"featured_media":0,"parent":0,"menu_order":0,"comment_status":"closed","ping_status":"closed","template":"","meta":[],"_links":{"self":[{"href":"https:\/\/huntingaperture.de\/index.php?rest_route=\/wp\/v2\/pages\/380"}],"collection":[{"href":"https:\/\/huntingaperture.de\/index.php?rest_route=\/wp\/v2\/pages"}],"about":[{"href":"https:\/\/huntingaperture.de\/index.php?rest_route=\/wp\/v2\/types\/page"}],"author":[{"embeddable":true,"href":"https:\/\/huntingaperture.de\/index.php?rest_route=\/wp\/v2\/users\/1"}],"replies":[{"embeddable":true,"href":"https:\/\/huntingaperture.de\/index.php?rest_route=%2Fwp%2Fv2%2Fcomments&post=380"}],"version-history":[{"count":4,"href":"https:\/\/huntingaperture.de\/index.php?rest_route=\/wp\/v2\/pages\/380\/revisions"}],"predecessor-version":[{"id":405,"href":"https:\/\/huntingaperture.de\/index.php?rest_route=\/wp\/v2\/pages\/380\/revisions\/405"}],"wp:attachment":[{"href":"https:\/\/huntingaperture.de\/index.php?rest_route=%2Fwp%2Fv2%2Fmedia&parent=380"}],"curies":[{"name":"wp","href":"https:\/\/api.w.org\/{rel}","templated":true}]}}